{"id":8885,"date":"2017-01-24T08:16:58","date_gmt":"2017-01-24T07:16:58","guid":{"rendered":"https:\/\/dogmatsystemy.pl\/kontakt\/"},"modified":"2024-11-07T19:27:00","modified_gmt":"2024-11-07T18:27:00","slug":"contact","status":"publish","type":"page","link":"https:\/\/dogmatsystemy.pl\/en\/contact\/","title":{"rendered":"Contact"},"content":{"rendered":"<div class=\"wpb-content-wrapper\"><p>[vc_row][vc_column]<div id=\"ultimate-heading-65206a090819234a4\" class=\"uvc-heading ult-adjust-bottom-margin ultimate-heading-65206a090819234a4 uvc-9940 accent-border-color accent-title-color\" data-hspacer=\"line_only\"  data-halign=\"center\" style=\"text-align:center\"><div class=\"uvc-sub-heading ult-responsive\"  data-ultimate-target='.uvc-heading.ultimate-heading-65206a090819234a4 .uvc-sub-heading '  data-responsive-json-new='{\"font-size\":\"\",\"line-height\":\"\"}'  style=\"font-weight:normal;color:#ffffff;margin-bottom:15px;\"><\/p>\n<h2>We are at your disposal<\/h2>\n<p><\/div><div class=\"uvc-heading-spacer line_only\" style=\"margin-bottom:15px;height:2px;\"><span class=\"uvc-headings-line\" style=\"border-style:solid;border-bottom-width:2px;border-color:;width:70px;\"><\/span><\/div><\/div><div id=\"ultimate-heading-88796a0908192352a\" class=\"uvc-heading ult-adjust-bottom-margin ultimate-heading-88796a0908192352a uvc-3247 \" data-hspacer=\"no_spacer\"  data-halign=\"center\" style=\"text-align:center\"><div class=\"uvc-heading-spacer no_spacer\" style=\"top\"><\/div><div class=\"uvc-sub-heading ult-responsive\"  data-ultimate-target='.uvc-heading.ultimate-heading-88796a0908192352a .uvc-sub-heading '  data-responsive-json-new='{\"font-size\":\"desktop:17px;\",\"line-height\":\"desktop:32px;\"}'  style=\"font-family:&#039;Roboto&#039;;font-weight:normal;margin-bottom:50px;\">Check us: contact us now. Share your problem with us and we shall solve it.<br \/>\nBeside knowledge, and a team of experts we guarantee you a sincere and authentic commitment.<\/div><\/div>[vc_row_inner][vc_column_inner width=&#8221;1\/2&#8243;]<div id=\"ultimate-heading-48366a0908192359f\" class=\"uvc-heading ult-adjust-bottom-margin ultimate-heading-48366a0908192359f uvc-7525 \" data-hspacer=\"no_spacer\"  data-halign=\"left\" style=\"text-align:left\"><div class=\"uvc-heading-spacer no_spacer\" style=\"top\"><\/div><div class=\"uvc-sub-heading ult-responsive\"  data-ultimate-target='.uvc-heading.ultimate-heading-48366a0908192359f .uvc-sub-heading '  data-responsive-json-new='{\"font-size\":\"desktop:17px;\",\"line-height\":\"desktop:32px;\"}'  style=\"font-family:&#039;Roboto&#039;;font-weight:normal;margin-bottom:30px;\">We guarantee that your message will be responded to within 24 hours.<br \/>\nYour data is safe with us. It stays with us, and only with us<\/div><\/div>[vc_column_text css=&#8221;.vc_custom_1731003690998{margin-bottom: 0px !important;}&#8221;]<span style=\"font-size: 15px; line-height: 17px;\">Address: ul. Powsta\u0144c\u00f3w Wielkopolskich 2,<br \/>\n62-002 Suchy Las<br \/>\nWork hours: monday-friday od 8.00-16.00<br \/>\nTelephone: <a href=\"tel:+48616512020\" data-darkreader-inline-color=\"\">+48 61 651 20 20<\/a><br \/>\nFax: <a href=\"tel:+48616512021\" data-darkreader-inline-color=\"\">+48 61 651 20 21<\/a><br \/>\nE-mail: <a href=\"mailto:sekretariat@dogmatsystemy.pl\" data-darkreader-inline-color=\"\">sekretariat@dogmatsystemy.pl<\/a><\/span>[\/vc_column_text][\/vc_column_inner][vc_column_inner width=&#8221;1\/2&#8243;]\n<div class=\"wpcf7 no-js\" id=\"wpcf7-f7117-o1\" lang=\"en-US\" dir=\"ltr\" data-wpcf7-id=\"7117\">\n<div class=\"screen-reader-response\"><p role=\"status\" aria-live=\"polite\" aria-atomic=\"true\"><\/p> <ul><\/ul><\/div>\n<form action=\"\/en\/wp-json\/wp\/v2\/pages\/8885#wpcf7-f7117-o1\" method=\"post\" class=\"wpcf7-form init wpcf7-acceptance-as-validation\" aria-label=\"Contact form\" novalidate=\"novalidate\" data-status=\"init\">\n<fieldset class=\"hidden-fields-container\"><input type=\"hidden\" name=\"_wpcf7\" value=\"7117\" \/><input type=\"hidden\" name=\"_wpcf7_version\" value=\"6.1.5\" \/><input type=\"hidden\" name=\"_wpcf7_locale\" value=\"en_US\" \/><input type=\"hidden\" name=\"_wpcf7_unit_tag\" value=\"wpcf7-f7117-o1\" \/><input type=\"hidden\" name=\"_wpcf7_container_post\" value=\"0\" \/><input type=\"hidden\" name=\"_wpcf7_posted_data_hash\" value=\"\" \/><input type=\"hidden\" name=\"_wpcf7_recaptcha_response\" value=\"\" \/>\n<\/fieldset>\n<p><span class=\"wpcf7-form-control-wrap\" data-name=\"your-name\"><input size=\"40\" maxlength=\"400\" class=\"wpcf7-form-control wpcf7-text wpcf7-validates-as-required\" id=\"sm-name\" aria-required=\"true\" aria-invalid=\"false\" placeholder=\"Imi\u0119\" value=\"\" type=\"text\" name=\"your-name\" \/><\/span><br \/>\n<span class=\"wpcf7-form-control-wrap\" data-name=\"your-email\"><input size=\"40\" maxlength=\"400\" class=\"wpcf7-form-control wpcf7-email wpcf7-validates-as-required wpcf7-text wpcf7-validates-as-email\" id=\"sm-email\" aria-required=\"true\" aria-invalid=\"false\" placeholder=\"E-mail\" value=\"\" type=\"email\" name=\"your-email\" \/><\/span><br \/>\n<span class=\"wpcf7-form-control-wrap\" data-name=\"your-phone\"><input size=\"40\" maxlength=\"400\" class=\"wpcf7-form-control wpcf7-tel wpcf7-validates-as-required wpcf7-text wpcf7-validates-as-tel\" id=\"sm-phone\" aria-required=\"true\" aria-invalid=\"false\" placeholder=\"Numer telefonu\" value=\"\" type=\"tel\" name=\"your-phone\" \/><\/span><br \/>\n<span class=\"wpcf7-form-control-wrap\" data-name=\"your-message\"><textarea cols=\"70\" rows=\"2\" maxlength=\"2000\" class=\"wpcf7-form-control wpcf7-textarea\" aria-invalid=\"false\" placeholder=\"Masz pytania? Napisz lub zostaw numer telefonu. Oddzwonimy.\" name=\"your-message\"><\/textarea><\/span>\n<\/p>\n<div style=\"display: inline-block;\">\n\t<div class=\"fr-3 fr-11\" style=\"width: 220px;font-size: 13px;float: left;\">\n\t\t<p><span class=\"wpcf7-form-control-wrap\" data-name=\"acceptance-173\"><span class=\"wpcf7-form-control wpcf7-acceptance\"><span class=\"wpcf7-list-item\"><input type=\"checkbox\" name=\"acceptance-173\" value=\"1\" aria-invalid=\"false\" \/><\/span><\/span><\/span> <span class=\"tooltips \" style=\"\" title=\"Wyra\u017cam zgod\u0119 na przetwarzanie moich danych osobowych zgodnie z &lt;a target=&quot;_blank&quot; href=&quot;https:\/\/dogmatsystemy.pl\/wp-content\/uploads\/2018\/05\/Polityka_Prywatnosci.pdf&quot;&gt;regulaminem&lt;\/a&gt;\">Akceptuj\u0119 regulamin<\/span>\n\t\t<\/p>\n\t<\/div>\n\t<div class=\"fr-3 fr-14\" style=\"font-size: 13px;float: left;\">\n\t\t<p><span class=\"wpcf7-form-control-wrap\" data-name=\"acceptance-854\"><span class=\"wpcf7-form-control wpcf7-acceptance\"><span class=\"wpcf7-list-item\"><input type=\"checkbox\" name=\"acceptance-854\" value=\"1\" aria-invalid=\"false\" \/><\/span><\/span><\/span> <span class=\"tooltips \" style=\"\" title=\"Wyra\u017cam zgod\u0119 na przetwarzanie moich danych osobowych w rozumieniu prawa ochrony danych osobowych oraz ustawy z dnia 16 lipca 2004 roku Prawo telekomunikacyjne we wskazanych wy\u017cej celach marketingowych przez Dogmat Systemy Services Sp. z o.o. i o\u015bwiadczam, i\u017c podanie przeze mnie danych osobowych jest dobrowolne oraz i\u017c zosta\u0142em poinformowany o prawie \u017c\u0105dania dost\u0119pu do moich danych osobowych, ich zmiany oraz usuni\u0119cia.\">Zgoda na przetwarzanie danych<\/span>\n\t\t<\/p>\n\t<\/div>\n\t<div class=\"fr-3 fr-12\" style=\"width: 220px;font-size: 13px;float: left;\">\n\t\t<p><span class=\"wpcf7-form-control-wrap\" data-name=\"acceptance-104\"><span class=\"wpcf7-form-control wpcf7-acceptance\"><span class=\"wpcf7-list-item\"><input type=\"checkbox\" name=\"acceptance-104\" value=\"1\" aria-invalid=\"false\" \/><\/span><\/span><\/span> <span class=\"tooltips \" style=\"\" title=\"Wyra\u017cam zgod\u0119 na otrzymywanie drog\u0105 elektroniczn\u0105 na wskazany przeze mnie e-mail informacji handlowej w rozumieniu ustawy z dnia 18 lipca 2002 roku o \u015bwiadczeniu us\u0142ug drog\u0105 elektroniczn\u0105 od Dogmat Systemy Services Sp. z o.o. odbieranych na telekomunikacyjnych urz\u0105dzeniach ko\u0144cowych w szczeg\u00f3lno\u015bci takich jak telefon, komputer, tablet lub smartfon. Udzielona w tym miejscu zgoda mo\u017ce by\u0107 przeze mnie odwo\u0142ana w ka\u017cdej chwili.\">Zgoda na kontakt mailowy<\/span>\n\t\t<\/p>\n\t<\/div>\n\t<div class=\"fr-3 fr-13\" style=\"font-size: 13px;float: left;margin-bottom: 20px;\">\n\t\t<p><span class=\"wpcf7-form-control-wrap\" data-name=\"acceptance-93\"><span class=\"wpcf7-form-control wpcf7-acceptance\"><span class=\"wpcf7-list-item\"><input type=\"checkbox\" name=\"acceptance-93\" value=\"1\" aria-invalid=\"false\" \/><\/span><\/span><\/span> <span class=\"tooltips \" style=\"\" title=\"Wyra\u017cam zgod\u0119 na wykorzystywanie przez Dogmat Systemy Services Sp. z o.o. telekomunikacyjnych urz\u0105dze\u0144 ko\u0144cowych, w tym telefon\u00f3w, komputer\u00f3w, tablet\u00f3w lub smartfon\u00f3w, dla cel\u00f3w marketingu bezpo\u015bredniego przedstawionego w komunikacji g\u0142osowej na podany przeze mnie numer. Udzielona w tym miejscu zgoda mo\u017ce by\u0107 przeze mnie odwo\u0142ana w ka\u017cdej chwili.\">Zgoda na kontakt telefoniczny<\/span>\n\t\t<\/p>\n\t<\/div>\n<\/div>\n<div class=\"faktoring-send\" style=\"margin-top: -25px;\">\n\t<p><input class=\"wpcf7-form-control wpcf7-submit has-spinner\" type=\"submit\" value=\"Wy\u015blij\" \/>\n\t<\/p>\n<\/div><div class=\"wpcf7-response-output\" aria-hidden=\"true\"><\/div>\n<\/form>\n<\/div>\n[\/vc_column_inner][\/vc_row_inner][vc_empty_space height=&#8221;60px&#8221;][\/vc_column][\/vc_row][vc_row full_width=&#8221;stretch_row_content_no_spaces&#8221; css=&#8221;.vc_custom_1728576875079{margin-top: 0px !important;margin-right: 0px !important;margin-bottom: 0px !important;margin-left: 0px !important;border-top-width: 0px !important;border-right-width: 0px !important;border-bottom-width: 0px !important;border-left-width: 0px !important;padding-top: 0px !important;padding-right: 0px !important;padding-bottom: 0px !important;padding-left: 0px !important;}&#8221;][vc_column css=&#8221;.vc_custom_1728576891979{margin-top: 0px !important;margin-right: 0px !important;margin-bottom: 0px !important;margin-left: 0px !important;border-top-width: 0px !important;border-right-width: 0px !important;border-bottom-width: 0px !important;border-left-width: 0px !important;padding-top: 0px !important;padding-right: 0px !important;padding-bottom: 0px !important;padding-left: 0px !important;}&#8221;][vc_gmaps link=&#8221;#E-8_JTNDaWZyYW1lJTIwc3JjJTNEJTIyaHR0cHMlM0ElMkYlMkZ3d3cuZ29vZ2xlLmNvbSUyRm1hcHMlMkZlbWJlZCUzRnBiJTNEJTIxMW0xOCUyMTFtMTIlMjExbTMlMjExZDE5NDQzLjkyNDA4MDg4NzYyNCUyMTJkMTYuODU5Njk3NzA0OTU3Mjc0JTIxM2Q1Mi40NzAyNTM5NjcyODE5NSUyMTJtMyUyMTFmMCUyMTJmMCUyMTNmMCUyMTNtMiUyMTFpMTAyNCUyMTJpNzY4JTIxNGYxMy4xJTIxM20zJTIxMW0yJTIxMXMweDQ3MDQ0M2E1Y2NmODIyZjklMjUzQTB4ZTc4ZmU1MmQ1NmE0MTRhOCUyMTJzRG9nbWF0JTI1MjBTeXN0ZW15JTI1MjBTZXJ2aWNlcyUyNTIwU3AuJTI1MjB6JTI1MjBvLm8uJTIxNWUwJTIxM20yJTIxMXNlbiUyMTJzcGwlMjE0djE3Mjg1NzUwMjg3NTklMjE1bTIlMjExc2VuJTIxMnNwbCUyMiUyMHdpZHRoJTNEJTIyNTUwJTIyJTIwaGVpZ2h0JTNEJTIyNTUwJTIyJTIwc3R5bGUlM0QlMjJib3JkZXIlM0EwJTNCJTIyJTIwYWxsb3dmdWxsc2NyZWVuJTNEJTIyJTIyJTIwbG9hZGluZyUzRCUyMmxhenklMjIlM0UlM0MlMkZpZnJhbWUlM0UlMEE=&#8221; css=&#8221;.vc_custom_1729774107156{margin-top: 0px !important;margin-right: 0px !important;margin-bottom: 0px !important;margin-left: 0px !important;border-top-width: 0px !important;border-right-width: 0px !important;border-bottom-width: 0px !important;border-left-width: 0px !important;padding-top: 0px !important;padding-right: 0px !important;padding-bottom: 0px !important;padding-left: 0px !important;}&#8221;][\/vc_column][\/vc_row]<\/p>\n<\/div>","protected":false},"excerpt":{"rendered":"<p>[vc_row][vc_column][vc_row_inner][vc_column_inner width=&#8221;1\/2&#8243;][vc_column_text css=&#8221;.vc_custom_1731003690998{margin-bottom: 0px !important;}&#8221;]Address: ul. Powsta\u0144c\u00f3w Wielkopolskich 2, 62-002 Suchy Las Work hours: monday-friday od 8.00-16.00 Telephone: +48 61 651 20 20 Fax: +48 61 651 20 21 E-mail: sekretariat@dogmatsystemy.pl[\/vc_column_text][\/vc_column_inner][vc_column_inner width=&#8221;1\/2&#8243;][\/vc_column_inner][\/vc_row_inner][vc_empty_space height=&#8221;60px&#8221;][\/vc_column][\/vc_row][vc_row full_width=&#8221;stretch_row_content_no_spaces&#8221; css=&#8221;.vc_custom_1728576875079{margin-top: 0px !important;margin-right: 0px !important;margin-bottom: 0px !important;margin-left: 0px !important;border-top-width: 0px !important;border-right-width: 0px !important;border-bottom-width: 0px !important;border-left-width: 0px !important;padding-top: 0px !important;padding-right: 0px !important;padding-bottom:&hellip;<\/p>\n","protected":false},"author":1,"featured_media":7109,"parent":0,"menu_order":0,"comment_status":"closed","ping_status":"closed","template":"","meta":{"footnotes":""},"tags":[],"class_list":["post-8885","page","type-page","status-publish","has-post-thumbnail","hentry","description-off"],"yoast_head":"<!-- This site is optimized with the Yoast SEO plugin v27.3 - https:\/\/yoast.com\/product\/yoast-seo-wordpress\/ -->\n<title>Contact - DOGMAT Systemy Services Sp. z o.o.<\/title>\n<meta name=\"robots\" content=\"index, follow, max-snippet:-1, max-image-preview:large, max-video-preview:-1\" \/>\n<link rel=\"canonical\" href=\"https:\/\/dogmatsystemy.pl\/kontakt-2\/\" \/>\n<meta property=\"og:locale\" content=\"en_US\" \/>\n<meta property=\"og:type\" content=\"article\" \/>\n<meta property=\"og:title\" content=\"Contact - DOGMAT Systemy Services Sp. z o.o.\" \/>\n<meta property=\"og:description\" content=\"[vc_row][vc_column][vc_row_inner][vc_column_inner width=&#8221;1\/2&#8243;][vc_column_text css=&#8221;.vc_custom_1731003690998{margin-bottom: 0px !important;}&#8221;]Address: ul. Powsta\u0144c\u00f3w Wielkopolskich 2, 62-002 Suchy Las Work hours: monday-friday od 8.00-16.00 Telephone: +48 61 651 20 20 Fax: +48 61 651 20 21 E-mail: sekretariat@dogmatsystemy.pl[\/vc_column_text][\/vc_column_inner][vc_column_inner width=&#8221;1\/2&#8243;][\/vc_column_inner][\/vc_row_inner][vc_empty_space height=&#8221;60px&#8221;][\/vc_column][\/vc_row][vc_row full_width=&#8221;stretch_row_content_no_spaces&#8221; css=&#8221;.vc_custom_1728576875079{margin-top: 0px !important;margin-right: 0px !important;margin-bottom: 0px !important;margin-left: 0px !important;border-top-width: 0px !important;border-right-width: 0px !important;border-bottom-width: 0px !important;border-left-width: 0px !important;padding-top: 0px !important;padding-right: 0px !important;padding-bottom:&hellip;\" \/>\n<meta property=\"og:url\" content=\"https:\/\/dogmatsystemy.pl\/kontakt-2\/\" \/>\n<meta property=\"og:site_name\" content=\"DOGMAT Systemy Services Sp. z o.o.\" \/>\n<meta property=\"article:modified_time\" content=\"2024-11-07T18:27:00+00:00\" \/>\n<meta property=\"og:image\" content=\"https:\/\/dogmatsystemy.pl\/wp-content\/uploads\/2016\/06\/contact-us.jpg\" \/>\n\t<meta property=\"og:image:width\" content=\"1920\" \/>\n\t<meta property=\"og:image:height\" content=\"450\" \/>\n\t<meta property=\"og:image:type\" content=\"image\/jpeg\" \/>\n<meta name=\"twitter:card\" content=\"summary_large_image\" \/>\n<meta name=\"twitter:label1\" content=\"Est. reading time\" \/>\n\t<meta name=\"twitter:data1\" content=\"3 minutes\" \/>\n<script type=\"application\/ld+json\" class=\"yoast-schema-graph\">{\"@context\":\"https:\\\/\\\/schema.org\",\"@graph\":[{\"@type\":\"WebPage\",\"@id\":\"https:\\\/\\\/dogmatsystemy.pl\\\/kontakt-2\\\/\",\"url\":\"https:\\\/\\\/dogmatsystemy.pl\\\/kontakt-2\\\/\",\"name\":\"Contact - DOGMAT Systemy Services Sp. z o.o.\",\"isPartOf\":{\"@id\":\"https:\\\/\\\/dogmatsystemy.pl\\\/#website\"},\"primaryImageOfPage\":{\"@id\":\"https:\\\/\\\/dogmatsystemy.pl\\\/kontakt-2\\\/#primaryimage\"},\"image\":{\"@id\":\"https:\\\/\\\/dogmatsystemy.pl\\\/kontakt-2\\\/#primaryimage\"},\"thumbnailUrl\":\"https:\\\/\\\/dogmatsystemy.pl\\\/wp-content\\\/uploads\\\/2016\\\/06\\\/contact-us.jpg\",\"datePublished\":\"2017-01-24T07:16:58+00:00\",\"dateModified\":\"2024-11-07T18:27:00+00:00\",\"breadcrumb\":{\"@id\":\"https:\\\/\\\/dogmatsystemy.pl\\\/kontakt-2\\\/#breadcrumb\"},\"inLanguage\":\"en-US\",\"potentialAction\":[{\"@type\":\"ReadAction\",\"target\":[\"https:\\\/\\\/dogmatsystemy.pl\\\/kontakt-2\\\/\"]}]},{\"@type\":\"ImageObject\",\"inLanguage\":\"en-US\",\"@id\":\"https:\\\/\\\/dogmatsystemy.pl\\\/kontakt-2\\\/#primaryimage\",\"url\":\"https:\\\/\\\/dogmatsystemy.pl\\\/wp-content\\\/uploads\\\/2016\\\/06\\\/contact-us.jpg\",\"contentUrl\":\"https:\\\/\\\/dogmatsystemy.pl\\\/wp-content\\\/uploads\\\/2016\\\/06\\\/contact-us.jpg\",\"width\":1920,\"height\":450},{\"@type\":\"BreadcrumbList\",\"@id\":\"https:\\\/\\\/dogmatsystemy.pl\\\/kontakt-2\\\/#breadcrumb\",\"itemListElement\":[{\"@type\":\"ListItem\",\"position\":1,\"name\":\"Home\",\"item\":\"https:\\\/\\\/dogmatsystemy.pl\\\/en\\\/\"},{\"@type\":\"ListItem\",\"position\":2,\"name\":\"Contact\"}]},{\"@type\":\"WebSite\",\"@id\":\"https:\\\/\\\/dogmatsystemy.pl\\\/#website\",\"url\":\"https:\\\/\\\/dogmatsystemy.pl\\\/\",\"name\":\"DOGMAT Systemy Services Sp. z o.o.\",\"description\":\"Do\u015bwiadczenie, innowacyjno\u015b\u0107, skuteczno\u015b\u0107\",\"publisher\":{\"@id\":\"https:\\\/\\\/dogmatsystemy.pl\\\/#organization\"},\"potentialAction\":[{\"@type\":\"SearchAction\",\"target\":{\"@type\":\"EntryPoint\",\"urlTemplate\":\"https:\\\/\\\/dogmatsystemy.pl\\\/?s={search_term_string}\"},\"query-input\":{\"@type\":\"PropertyValueSpecification\",\"valueRequired\":true,\"valueName\":\"search_term_string\"}}],\"inLanguage\":\"en-US\"},{\"@type\":\"Organization\",\"@id\":\"https:\\\/\\\/dogmatsystemy.pl\\\/#organization\",\"name\":\"DOGMAT Systemy Services Sp. z o.o.\",\"url\":\"https:\\\/\\\/dogmatsystemy.pl\\\/\",\"logo\":{\"@type\":\"ImageObject\",\"inLanguage\":\"en-US\",\"@id\":\"https:\\\/\\\/dogmatsystemy.pl\\\/#\\\/schema\\\/logo\\\/image\\\/\",\"url\":\"https:\\\/\\\/dogmatsystemy.pl\\\/wp-content\\\/uploads\\\/2017\\\/06\\\/DS-Logo.png\",\"contentUrl\":\"https:\\\/\\\/dogmatsystemy.pl\\\/wp-content\\\/uploads\\\/2017\\\/06\\\/DS-Logo.png\",\"width\":325,\"height\":85,\"caption\":\"DOGMAT Systemy Services Sp. z o.o.\"},\"image\":{\"@id\":\"https:\\\/\\\/dogmatsystemy.pl\\\/#\\\/schema\\\/logo\\\/image\\\/\"}}]}<\/script>\n<!-- \/ Yoast SEO plugin. -->","yoast_head_json":{"title":"Contact - DOGMAT Systemy Services Sp. z o.o.","robots":{"index":"index","follow":"follow","max-snippet":"max-snippet:-1","max-image-preview":"max-image-preview:large","max-video-preview":"max-video-preview:-1"},"canonical":"https:\/\/dogmatsystemy.pl\/kontakt-2\/","og_locale":"en_US","og_type":"article","og_title":"Contact - DOGMAT Systemy Services Sp. z o.o.","og_description":"[vc_row][vc_column][vc_row_inner][vc_column_inner width=&#8221;1\/2&#8243;][vc_column_text css=&#8221;.vc_custom_1731003690998{margin-bottom: 0px !important;}&#8221;]Address: ul. Powsta\u0144c\u00f3w Wielkopolskich 2, 62-002 Suchy Las Work hours: monday-friday od 8.00-16.00 Telephone: +48 61 651 20 20 Fax: +48 61 651 20 21 E-mail: sekretariat@dogmatsystemy.pl[\/vc_column_text][\/vc_column_inner][vc_column_inner width=&#8221;1\/2&#8243;][\/vc_column_inner][\/vc_row_inner][vc_empty_space height=&#8221;60px&#8221;][\/vc_column][\/vc_row][vc_row full_width=&#8221;stretch_row_content_no_spaces&#8221; css=&#8221;.vc_custom_1728576875079{margin-top: 0px !important;margin-right: 0px !important;margin-bottom: 0px !important;margin-left: 0px !important;border-top-width: 0px !important;border-right-width: 0px !important;border-bottom-width: 0px !important;border-left-width: 0px !important;padding-top: 0px !important;padding-right: 0px !important;padding-bottom:&hellip;","og_url":"https:\/\/dogmatsystemy.pl\/kontakt-2\/","og_site_name":"DOGMAT Systemy Services Sp. z o.o.","article_modified_time":"2024-11-07T18:27:00+00:00","og_image":[{"width":1920,"height":450,"url":"https:\/\/dogmatsystemy.pl\/wp-content\/uploads\/2016\/06\/contact-us.jpg","type":"image\/jpeg"}],"twitter_card":"summary_large_image","twitter_misc":{"Est. reading time":"3 minutes"},"schema":{"@context":"https:\/\/schema.org","@graph":[{"@type":"WebPage","@id":"https:\/\/dogmatsystemy.pl\/kontakt-2\/","url":"https:\/\/dogmatsystemy.pl\/kontakt-2\/","name":"Contact - DOGMAT Systemy Services Sp. z o.o.","isPartOf":{"@id":"https:\/\/dogmatsystemy.pl\/#website"},"primaryImageOfPage":{"@id":"https:\/\/dogmatsystemy.pl\/kontakt-2\/#primaryimage"},"image":{"@id":"https:\/\/dogmatsystemy.pl\/kontakt-2\/#primaryimage"},"thumbnailUrl":"https:\/\/dogmatsystemy.pl\/wp-content\/uploads\/2016\/06\/contact-us.jpg","datePublished":"2017-01-24T07:16:58+00:00","dateModified":"2024-11-07T18:27:00+00:00","breadcrumb":{"@id":"https:\/\/dogmatsystemy.pl\/kontakt-2\/#breadcrumb"},"inLanguage":"en-US","potentialAction":[{"@type":"ReadAction","target":["https:\/\/dogmatsystemy.pl\/kontakt-2\/"]}]},{"@type":"ImageObject","inLanguage":"en-US","@id":"https:\/\/dogmatsystemy.pl\/kontakt-2\/#primaryimage","url":"https:\/\/dogmatsystemy.pl\/wp-content\/uploads\/2016\/06\/contact-us.jpg","contentUrl":"https:\/\/dogmatsystemy.pl\/wp-content\/uploads\/2016\/06\/contact-us.jpg","width":1920,"height":450},{"@type":"BreadcrumbList","@id":"https:\/\/dogmatsystemy.pl\/kontakt-2\/#breadcrumb","itemListElement":[{"@type":"ListItem","position":1,"name":"Home","item":"https:\/\/dogmatsystemy.pl\/en\/"},{"@type":"ListItem","position":2,"name":"Contact"}]},{"@type":"WebSite","@id":"https:\/\/dogmatsystemy.pl\/#website","url":"https:\/\/dogmatsystemy.pl\/","name":"DOGMAT Systemy Services Sp. z o.o.","description":"Do\u015bwiadczenie, innowacyjno\u015b\u0107, skuteczno\u015b\u0107","publisher":{"@id":"https:\/\/dogmatsystemy.pl\/#organization"},"potentialAction":[{"@type":"SearchAction","target":{"@type":"EntryPoint","urlTemplate":"https:\/\/dogmatsystemy.pl\/?s={search_term_string}"},"query-input":{"@type":"PropertyValueSpecification","valueRequired":true,"valueName":"search_term_string"}}],"inLanguage":"en-US"},{"@type":"Organization","@id":"https:\/\/dogmatsystemy.pl\/#organization","name":"DOGMAT Systemy Services Sp. z o.o.","url":"https:\/\/dogmatsystemy.pl\/","logo":{"@type":"ImageObject","inLanguage":"en-US","@id":"https:\/\/dogmatsystemy.pl\/#\/schema\/logo\/image\/","url":"https:\/\/dogmatsystemy.pl\/wp-content\/uploads\/2017\/06\/DS-Logo.png","contentUrl":"https:\/\/dogmatsystemy.pl\/wp-content\/uploads\/2017\/06\/DS-Logo.png","width":325,"height":85,"caption":"DOGMAT Systemy Services Sp. z o.o."},"image":{"@id":"https:\/\/dogmatsystemy.pl\/#\/schema\/logo\/image\/"}}]}},"_links":{"self":[{"href":"https:\/\/dogmatsystemy.pl\/en\/wp-json\/wp\/v2\/pages\/8885","targetHints":{"allow":["GET"]}}],"collection":[{"href":"https:\/\/dogmatsystemy.pl\/en\/wp-json\/wp\/v2\/pages"}],"about":[{"href":"https:\/\/dogmatsystemy.pl\/en\/wp-json\/wp\/v2\/types\/page"}],"author":[{"embeddable":true,"href":"https:\/\/dogmatsystemy.pl\/en\/wp-json\/wp\/v2\/users\/1"}],"replies":[{"embeddable":true,"href":"https:\/\/dogmatsystemy.pl\/en\/wp-json\/wp\/v2\/comments?post=8885"}],"version-history":[{"count":0,"href":"https:\/\/dogmatsystemy.pl\/en\/wp-json\/wp\/v2\/pages\/8885\/revisions"}],"wp:featuredmedia":[{"embeddable":true,"href":"https:\/\/dogmatsystemy.pl\/en\/wp-json\/wp\/v2\/media\/7109"}],"wp:attachment":[{"href":"https:\/\/dogmatsystemy.pl\/en\/wp-json\/wp\/v2\/media?parent=8885"}],"wp:term":[{"taxonomy":"post_tag","embeddable":true,"href":"https:\/\/dogmatsystemy.pl\/en\/wp-json\/wp\/v2\/tags?post=8885"}],"curies":[{"name":"wp","href":"https:\/\/api.w.org\/{rel}","templated":true}]}}