{"id":8943,"date":"2017-01-23T15:24:55","date_gmt":"2017-01-23T14:24:55","guid":{"rendered":"https:\/\/dogmatsystemy.pl\/certyfikaty\/"},"modified":"2024-11-07T21:27:37","modified_gmt":"2024-11-07T20:27:37","slug":"certificates","status":"publish","type":"page","link":"https:\/\/dogmatsystemy.pl\/en\/certificates\/","title":{"rendered":"Certificates"},"content":{"rendered":"<div class=\"wpb-content-wrapper\"><p>[vc_row css=&#8221;.vc_custom_1729012188468{padding-bottom: 60px !important;}&#8221;][vc_column]<div id=\"ultimate-heading-14596a0908193a609\" class=\"uvc-heading ult-adjust-bottom-margin ultimate-heading-14596a0908193a609 uvc-6262 accent-border-color accent-title-color\" data-hspacer=\"line_only\"  data-halign=\"center\" style=\"text-align:center\"><div class=\"uvc-sub-heading ult-responsive\"  data-ultimate-target='.uvc-heading.ultimate-heading-14596a0908193a609 .uvc-sub-heading '  data-responsive-json-new='{\"font-size\":\"\",\"line-height\":\"\"}'  style=\"font-weight:normal;margin-bottom:15px;\"><\/p>\n<h2>Competence confirmed in writing<\/h2>\n<p><\/div><div class=\"uvc-heading-spacer line_only\" style=\"margin-bottom:20px;height:2px;\"><span class=\"uvc-headings-line\" style=\"border-style:solid;border-bottom-width:2px;border-color:;width:70px;\"><\/span><\/div><\/div>[vc_column_text css=&#8221;&#8221;]<\/p>\n<p style=\"text-align: center;\">Satisfaction and constant development of the business Partners of Dogmat Systemy Services is the key performance indicator of our actions.<br \/>\nMoreover, the highest standards of our work are certified by the following distinctions:<\/p>\n<p>[\/vc_column_text][vc_empty_space height=&#8221;52px&#8221;][vc_tour interval=&#8221;0&#8243; title_size=&#8221;h5&#8243;][vc_tab title=&#8221;Financially Reliable Company Certificate&#8221; tab_id=&#8221;1399904645-1-94&#8243;][vc_single_image image=&#8221;7748&#8243; img_size=&#8221;full&#8221; alignment=&#8221;center&#8221; css=&#8221;&#8221;][\/vc_tab][vc_tab title=&#8221;Poznan Entrepreneurship Leader&#8221; tab_id=&#8221;1729509520981-1-6&#8243;][vc_single_image image=&#8221;7751&#8243; img_size=&#8221;full&#8221; alignment=&#8221;center&#8221; css=&#8221;&#8221;][\/vc_tab][vc_tab title=&#8221;Family Business Ranking&#8221; tab_id=&#8221;1729509523965-2-8&#8243;][vc_single_image image=&#8221;7750&#8243; img_size=&#8221;full&#8221; alignment=&#8221;center&#8221; css=&#8221;&#8221;][\/vc_tab][vc_tab title=&#8221;Basket Team Suchy Las&#8221; tab_id=&#8221;1729509525165-3-3&#8243;][vc_single_image image=&#8221;10226&#8243; img_size=&#8221;full&#8221; alignment=&#8221;center&#8221; css=&#8221;&#8221;][\/vc_tab][\/vc_tour][\/vc_column][\/vc_row]<\/p>\n<\/div>","protected":false},"excerpt":{"rendered":"<p>[vc_row css=&#8221;.vc_custom_1729012188468{padding-bottom: 60px !important;}&#8221;][vc_column][vc_column_text css=&#8221;&#8221;] Satisfaction and constant development of the business Partners of Dogmat Systemy Services is the key performance indicator of our actions. Moreover, the highest standards of our work are certified by the following distinctions: [\/vc_column_text][vc_empty_space height=&#8221;52px&#8221;][vc_tour interval=&#8221;0&#8243; title_size=&#8221;h5&#8243;][vc_tab title=&#8221;Financially Reliable Company Certificate&#8221; tab_id=&#8221;1399904645-1-94&#8243;][vc_single_image image=&#8221;7748&#8243; img_size=&#8221;full&#8221; alignment=&#8221;center&#8221; css=&#8221;&#8221;][\/vc_tab][vc_tab title=&#8221;Poznan Entrepreneurship Leader&#8221; tab_id=&#8221;1729509520981-1-6&#8243;][vc_single_image&hellip;<\/p>\n","protected":false},"author":1,"featured_media":7717,"parent":0,"menu_order":0,"comment_status":"closed","ping_status":"closed","template":"","meta":{"footnotes":""},"tags":[],"class_list":["post-8943","page","type-page","status-publish","has-post-thumbnail","hentry","description-off"],"yoast_head":"<!-- This site is optimized with the Yoast SEO plugin v27.3 - https:\/\/yoast.com\/product\/yoast-seo-wordpress\/ -->\n<title>Certificates - DOGMAT Systemy Services Sp. z o.o.<\/title>\n<meta name=\"description\" content=\"Satisfaction and constant development of the business Partners of Dogmat Systemy Services is the key performance indicator of our actions.\" \/>\n<meta name=\"robots\" content=\"index, follow, max-snippet:-1, max-image-preview:large, max-video-preview:-1\" \/>\n<link rel=\"canonical\" href=\"https:\/\/dogmatsystemy.pl\/dogmat-systemy-services-4\/\" \/>\n<meta property=\"og:locale\" content=\"en_US\" \/>\n<meta property=\"og:type\" content=\"article\" \/>\n<meta property=\"og:title\" content=\"Certificates - DOGMAT Systemy Services Sp. z o.o.\" \/>\n<meta property=\"og:description\" content=\"Satisfaction and constant development of the business Partners of Dogmat Systemy Services is the key performance indicator of our actions.\" \/>\n<meta property=\"og:url\" content=\"https:\/\/dogmatsystemy.pl\/dogmat-systemy-services-4\/\" \/>\n<meta property=\"og:site_name\" content=\"DOGMAT Systemy Services Sp. z o.o.\" \/>\n<meta property=\"article:modified_time\" content=\"2024-11-07T20:27:37+00:00\" \/>\n<meta property=\"og:image\" content=\"https:\/\/dogmatsystemy.pl\/wp-content\/uploads\/2017\/01\/DogmatSystemy-titlebar-Certyfikaty.jpg\" \/>\n\t<meta property=\"og:image:width\" content=\"1920\" \/>\n\t<meta property=\"og:image:height\" content=\"330\" \/>\n\t<meta property=\"og:image:type\" content=\"image\/jpeg\" \/>\n<meta name=\"twitter:card\" content=\"summary_large_image\" \/>\n<meta name=\"twitter:label1\" content=\"Est. reading time\" \/>\n\t<meta name=\"twitter:data1\" content=\"1 minute\" \/>\n<script type=\"application\/ld+json\" class=\"yoast-schema-graph\">{\"@context\":\"https:\\\/\\\/schema.org\",\"@graph\":[{\"@type\":\"WebPage\",\"@id\":\"https:\\\/\\\/dogmatsystemy.pl\\\/dogmat-systemy-services-4\\\/\",\"url\":\"https:\\\/\\\/dogmatsystemy.pl\\\/dogmat-systemy-services-4\\\/\",\"name\":\"Certificates - DOGMAT Systemy Services Sp. z o.o.\",\"isPartOf\":{\"@id\":\"https:\\\/\\\/dogmatsystemy.pl\\\/#website\"},\"primaryImageOfPage\":{\"@id\":\"https:\\\/\\\/dogmatsystemy.pl\\\/dogmat-systemy-services-4\\\/#primaryimage\"},\"image\":{\"@id\":\"https:\\\/\\\/dogmatsystemy.pl\\\/dogmat-systemy-services-4\\\/#primaryimage\"},\"thumbnailUrl\":\"https:\\\/\\\/dogmatsystemy.pl\\\/wp-content\\\/uploads\\\/2017\\\/01\\\/DogmatSystemy-titlebar-Certyfikaty.jpg\",\"datePublished\":\"2017-01-23T14:24:55+00:00\",\"dateModified\":\"2024-11-07T20:27:37+00:00\",\"description\":\"Satisfaction and constant development of the business Partners of Dogmat Systemy Services is the key performance indicator of our actions.\",\"breadcrumb\":{\"@id\":\"https:\\\/\\\/dogmatsystemy.pl\\\/dogmat-systemy-services-4\\\/#breadcrumb\"},\"inLanguage\":\"en-US\",\"potentialAction\":[{\"@type\":\"ReadAction\",\"target\":[\"https:\\\/\\\/dogmatsystemy.pl\\\/dogmat-systemy-services-4\\\/\"]}]},{\"@type\":\"ImageObject\",\"inLanguage\":\"en-US\",\"@id\":\"https:\\\/\\\/dogmatsystemy.pl\\\/dogmat-systemy-services-4\\\/#primaryimage\",\"url\":\"https:\\\/\\\/dogmatsystemy.pl\\\/wp-content\\\/uploads\\\/2017\\\/01\\\/DogmatSystemy-titlebar-Certyfikaty.jpg\",\"contentUrl\":\"https:\\\/\\\/dogmatsystemy.pl\\\/wp-content\\\/uploads\\\/2017\\\/01\\\/DogmatSystemy-titlebar-Certyfikaty.jpg\",\"width\":1920,\"height\":330},{\"@type\":\"BreadcrumbList\",\"@id\":\"https:\\\/\\\/dogmatsystemy.pl\\\/dogmat-systemy-services-4\\\/#breadcrumb\",\"itemListElement\":[{\"@type\":\"ListItem\",\"position\":1,\"name\":\"Home\",\"item\":\"https:\\\/\\\/dogmatsystemy.pl\\\/en\\\/\"},{\"@type\":\"ListItem\",\"position\":2,\"name\":\"Certificates\"}]},{\"@type\":\"WebSite\",\"@id\":\"https:\\\/\\\/dogmatsystemy.pl\\\/#website\",\"url\":\"https:\\\/\\\/dogmatsystemy.pl\\\/\",\"name\":\"DOGMAT Systemy Services Sp. z o.o.\",\"description\":\"Do\u015bwiadczenie, innowacyjno\u015b\u0107, skuteczno\u015b\u0107\",\"publisher\":{\"@id\":\"https:\\\/\\\/dogmatsystemy.pl\\\/#organization\"},\"potentialAction\":[{\"@type\":\"SearchAction\",\"target\":{\"@type\":\"EntryPoint\",\"urlTemplate\":\"https:\\\/\\\/dogmatsystemy.pl\\\/?s={search_term_string}\"},\"query-input\":{\"@type\":\"PropertyValueSpecification\",\"valueRequired\":true,\"valueName\":\"search_term_string\"}}],\"inLanguage\":\"en-US\"},{\"@type\":\"Organization\",\"@id\":\"https:\\\/\\\/dogmatsystemy.pl\\\/#organization\",\"name\":\"DOGMAT Systemy Services Sp. z o.o.\",\"url\":\"https:\\\/\\\/dogmatsystemy.pl\\\/\",\"logo\":{\"@type\":\"ImageObject\",\"inLanguage\":\"en-US\",\"@id\":\"https:\\\/\\\/dogmatsystemy.pl\\\/#\\\/schema\\\/logo\\\/image\\\/\",\"url\":\"https:\\\/\\\/dogmatsystemy.pl\\\/wp-content\\\/uploads\\\/2017\\\/06\\\/DS-Logo.png\",\"contentUrl\":\"https:\\\/\\\/dogmatsystemy.pl\\\/wp-content\\\/uploads\\\/2017\\\/06\\\/DS-Logo.png\",\"width\":325,\"height\":85,\"caption\":\"DOGMAT Systemy Services Sp. z o.o.\"},\"image\":{\"@id\":\"https:\\\/\\\/dogmatsystemy.pl\\\/#\\\/schema\\\/logo\\\/image\\\/\"}}]}<\/script>\n<!-- \/ Yoast SEO plugin. -->","yoast_head_json":{"title":"Certificates - DOGMAT Systemy Services Sp. z o.o.","description":"Satisfaction and constant development of the business Partners of Dogmat Systemy Services is the key performance indicator of our actions.","robots":{"index":"index","follow":"follow","max-snippet":"max-snippet:-1","max-image-preview":"max-image-preview:large","max-video-preview":"max-video-preview:-1"},"canonical":"https:\/\/dogmatsystemy.pl\/dogmat-systemy-services-4\/","og_locale":"en_US","og_type":"article","og_title":"Certificates - DOGMAT Systemy Services Sp. z o.o.","og_description":"Satisfaction and constant development of the business Partners of Dogmat Systemy Services is the key performance indicator of our actions.","og_url":"https:\/\/dogmatsystemy.pl\/dogmat-systemy-services-4\/","og_site_name":"DOGMAT Systemy Services Sp. z o.o.","article_modified_time":"2024-11-07T20:27:37+00:00","og_image":[{"width":1920,"height":330,"url":"https:\/\/dogmatsystemy.pl\/wp-content\/uploads\/2017\/01\/DogmatSystemy-titlebar-Certyfikaty.jpg","type":"image\/jpeg"}],"twitter_card":"summary_large_image","twitter_misc":{"Est. reading time":"1 minute"},"schema":{"@context":"https:\/\/schema.org","@graph":[{"@type":"WebPage","@id":"https:\/\/dogmatsystemy.pl\/dogmat-systemy-services-4\/","url":"https:\/\/dogmatsystemy.pl\/dogmat-systemy-services-4\/","name":"Certificates - DOGMAT Systemy Services Sp. z o.o.","isPartOf":{"@id":"https:\/\/dogmatsystemy.pl\/#website"},"primaryImageOfPage":{"@id":"https:\/\/dogmatsystemy.pl\/dogmat-systemy-services-4\/#primaryimage"},"image":{"@id":"https:\/\/dogmatsystemy.pl\/dogmat-systemy-services-4\/#primaryimage"},"thumbnailUrl":"https:\/\/dogmatsystemy.pl\/wp-content\/uploads\/2017\/01\/DogmatSystemy-titlebar-Certyfikaty.jpg","datePublished":"2017-01-23T14:24:55+00:00","dateModified":"2024-11-07T20:27:37+00:00","description":"Satisfaction and constant development of the business Partners of Dogmat Systemy Services is the key performance indicator of our actions.","breadcrumb":{"@id":"https:\/\/dogmatsystemy.pl\/dogmat-systemy-services-4\/#breadcrumb"},"inLanguage":"en-US","potentialAction":[{"@type":"ReadAction","target":["https:\/\/dogmatsystemy.pl\/dogmat-systemy-services-4\/"]}]},{"@type":"ImageObject","inLanguage":"en-US","@id":"https:\/\/dogmatsystemy.pl\/dogmat-systemy-services-4\/#primaryimage","url":"https:\/\/dogmatsystemy.pl\/wp-content\/uploads\/2017\/01\/DogmatSystemy-titlebar-Certyfikaty.jpg","contentUrl":"https:\/\/dogmatsystemy.pl\/wp-content\/uploads\/2017\/01\/DogmatSystemy-titlebar-Certyfikaty.jpg","width":1920,"height":330},{"@type":"BreadcrumbList","@id":"https:\/\/dogmatsystemy.pl\/dogmat-systemy-services-4\/#breadcrumb","itemListElement":[{"@type":"ListItem","position":1,"name":"Home","item":"https:\/\/dogmatsystemy.pl\/en\/"},{"@type":"ListItem","position":2,"name":"Certificates"}]},{"@type":"WebSite","@id":"https:\/\/dogmatsystemy.pl\/#website","url":"https:\/\/dogmatsystemy.pl\/","name":"DOGMAT Systemy Services Sp. z o.o.","description":"Do\u015bwiadczenie, innowacyjno\u015b\u0107, skuteczno\u015b\u0107","publisher":{"@id":"https:\/\/dogmatsystemy.pl\/#organization"},"potentialAction":[{"@type":"SearchAction","target":{"@type":"EntryPoint","urlTemplate":"https:\/\/dogmatsystemy.pl\/?s={search_term_string}"},"query-input":{"@type":"PropertyValueSpecification","valueRequired":true,"valueName":"search_term_string"}}],"inLanguage":"en-US"},{"@type":"Organization","@id":"https:\/\/dogmatsystemy.pl\/#organization","name":"DOGMAT Systemy Services Sp. z o.o.","url":"https:\/\/dogmatsystemy.pl\/","logo":{"@type":"ImageObject","inLanguage":"en-US","@id":"https:\/\/dogmatsystemy.pl\/#\/schema\/logo\/image\/","url":"https:\/\/dogmatsystemy.pl\/wp-content\/uploads\/2017\/06\/DS-Logo.png","contentUrl":"https:\/\/dogmatsystemy.pl\/wp-content\/uploads\/2017\/06\/DS-Logo.png","width":325,"height":85,"caption":"DOGMAT Systemy Services Sp. z o.o."},"image":{"@id":"https:\/\/dogmatsystemy.pl\/#\/schema\/logo\/image\/"}}]}},"_links":{"self":[{"href":"https:\/\/dogmatsystemy.pl\/en\/wp-json\/wp\/v2\/pages\/8943","targetHints":{"allow":["GET"]}}],"collection":[{"href":"https:\/\/dogmatsystemy.pl\/en\/wp-json\/wp\/v2\/pages"}],"about":[{"href":"https:\/\/dogmatsystemy.pl\/en\/wp-json\/wp\/v2\/types\/page"}],"author":[{"embeddable":true,"href":"https:\/\/dogmatsystemy.pl\/en\/wp-json\/wp\/v2\/users\/1"}],"replies":[{"embeddable":true,"href":"https:\/\/dogmatsystemy.pl\/en\/wp-json\/wp\/v2\/comments?post=8943"}],"version-history":[{"count":0,"href":"https:\/\/dogmatsystemy.pl\/en\/wp-json\/wp\/v2\/pages\/8943\/revisions"}],"wp:featuredmedia":[{"embeddable":true,"href":"https:\/\/dogmatsystemy.pl\/en\/wp-json\/wp\/v2\/media\/7717"}],"wp:attachment":[{"href":"https:\/\/dogmatsystemy.pl\/en\/wp-json\/wp\/v2\/media?parent=8943"}],"wp:term":[{"taxonomy":"post_tag","embeddable":true,"href":"https:\/\/dogmatsystemy.pl\/en\/wp-json\/wp\/v2\/tags?post=8943"}],"curies":[{"name":"wp","href":"https:\/\/api.w.org\/{rel}","templated":true}]}}